{"id":19625,"date":"2025-06-24T20:42:03","date_gmt":"2025-06-24T18:42:03","guid":{"rendered":"https:\/\/vive-fuerteventura.com\/?page_id=19625"},"modified":"2025-07-01T17:20:58","modified_gmt":"2025-07-01T15:20:58","slug":"impressum","status":"publish","type":"page","link":"https:\/\/vive-fuerteventura.com\/en\/impressum\/","title":{"rendered":"Legal notice"},"content":{"rendered":"<div data-elementor-type=\"wp-post\" data-elementor-id=\"19625\" class=\"elementor elementor-19625\" data-elementor-post-type=\"page\">\n\t\t\t\t\t\t<section class=\"elementor-section elementor-top-section elementor-element elementor-element-9c6ea3d elementor-section-height-min-height elementor-section-content-top elementor-section-boxed elementor-section-height-default elementor-section-items-middle\" data-id=\"9c6ea3d\" data-element_type=\"section\" data-e-type=\"section\" data-settings=\"{&quot;jet_parallax_layout_list&quot;:[{&quot;jet_parallax_layout_image&quot;:{&quot;url&quot;:&quot;&quot;,&quot;id&quot;:&quot;&quot;,&quot;size&quot;:&quot;&quot;},&quot;_id&quot;:&quot;c530a76&quot;,&quot;jet_parallax_layout_speed&quot;:{&quot;unit&quot;:&quot;%&quot;,&quot;size&quot;:50,&quot;sizes&quot;:[]},&quot;jet_parallax_layout_image_tablet&quot;:{&quot;url&quot;:&quot;&quot;,&quot;id&quot;:&quot;&quot;,&quot;size&quot;:&quot;&quot;},&quot;jet_parallax_layout_image_mobile&quot;:{&quot;url&quot;:&quot;&quot;,&quot;id&quot;:&quot;&quot;,&quot;size&quot;:&quot;&quot;},&quot;jet_parallax_layout_type&quot;:&quot;scroll&quot;,&quot;jet_parallax_layout_direction&quot;:&quot;1&quot;,&quot;jet_parallax_layout_fx_direction&quot;:null,&quot;jet_parallax_layout_z_index&quot;:&quot;&quot;,&quot;jet_parallax_layout_bg_x&quot;:50,&quot;jet_parallax_layout_bg_x_tablet&quot;:&quot;&quot;,&quot;jet_parallax_layout_bg_x_mobile&quot;:&quot;&quot;,&quot;jet_parallax_layout_bg_y&quot;:50,&quot;jet_parallax_layout_bg_y_tablet&quot;:&quot;&quot;,&quot;jet_parallax_layout_bg_y_mobile&quot;:&quot;&quot;,&quot;jet_parallax_layout_bg_size&quot;:&quot;auto&quot;,&quot;jet_parallax_layout_bg_size_tablet&quot;:&quot;&quot;,&quot;jet_parallax_layout_bg_size_mobile&quot;:&quot;&quot;,&quot;jet_parallax_layout_animation_prop&quot;:&quot;transform&quot;,&quot;jet_parallax_layout_on&quot;:[&quot;desktop&quot;,&quot;tablet&quot;]}],&quot;background_background&quot;:&quot;classic&quot;}\">\n\t\t\t\t\t\t<div class=\"elementor-container elementor-column-gap-default\">\n\t\t\t\t\t<div class=\"elementor-column elementor-col-100 elementor-top-column elementor-element elementor-element-154a67e\" data-id=\"154a67e\" data-element_type=\"column\" data-e-type=\"column\">\n\t\t\t<div class=\"elementor-widget-wrap\">\n\t\t\t\t\t\t\t<\/div>\n\t\t<\/div>\n\t\t\t\t\t<\/div>\n\t\t<\/section>\n\t\t\t\t<section class=\"elementor-section elementor-top-section elementor-element elementor-element-898edb5 elementor-section-boxed elementor-section-height-default elementor-section-height-default\" data-id=\"898edb5\" data-element_type=\"section\" data-e-type=\"section\" data-settings=\"{&quot;jet_parallax_layout_list&quot;:[{&quot;jet_parallax_layout_image&quot;:{&quot;url&quot;:&quot;&quot;,&quot;id&quot;:&quot;&quot;,&quot;size&quot;:&quot;&quot;},&quot;_id&quot;:&quot;431fff4&quot;,&quot;jet_parallax_layout_speed&quot;:{&quot;unit&quot;:&quot;%&quot;,&quot;size&quot;:50,&quot;sizes&quot;:[]},&quot;jet_parallax_layout_image_tablet&quot;:{&quot;url&quot;:&quot;&quot;,&quot;id&quot;:&quot;&quot;,&quot;size&quot;:&quot;&quot;},&quot;jet_parallax_layout_image_mobile&quot;:{&quot;url&quot;:&quot;&quot;,&quot;id&quot;:&quot;&quot;,&quot;size&quot;:&quot;&quot;},&quot;jet_parallax_layout_type&quot;:&quot;scroll&quot;,&quot;jet_parallax_layout_direction&quot;:&quot;1&quot;,&quot;jet_parallax_layout_fx_direction&quot;:null,&quot;jet_parallax_layout_z_index&quot;:&quot;&quot;,&quot;jet_parallax_layout_bg_x&quot;:50,&quot;jet_parallax_layout_bg_x_tablet&quot;:&quot;&quot;,&quot;jet_parallax_layout_bg_x_mobile&quot;:&quot;&quot;,&quot;jet_parallax_layout_bg_y&quot;:50,&quot;jet_parallax_layout_bg_y_tablet&quot;:&quot;&quot;,&quot;jet_parallax_layout_bg_y_mobile&quot;:&quot;&quot;,&quot;jet_parallax_layout_bg_size&quot;:&quot;auto&quot;,&quot;jet_parallax_layout_bg_size_tablet&quot;:&quot;&quot;,&quot;jet_parallax_layout_bg_size_mobile&quot;:&quot;&quot;,&quot;jet_parallax_layout_animation_prop&quot;:&quot;transform&quot;,&quot;jet_parallax_layout_on&quot;:[&quot;desktop&quot;,&quot;tablet&quot;]}],&quot;background_background&quot;:&quot;classic&quot;}\">\n\t\t\t\t\t\t<div class=\"elementor-container elementor-column-gap-no\">\n\t\t\t\t\t<div class=\"elementor-column elementor-col-100 elementor-top-column elementor-element elementor-element-1b24643\" data-id=\"1b24643\" data-element_type=\"column\" data-e-type=\"column\">\n\t\t\t<div class=\"elementor-widget-wrap elementor-element-populated\">\n\t\t\t\t\t\t<div class=\"elementor-element elementor-element-05de2e7 elementor-widget elementor-widget-heading\" data-id=\"05de2e7\" data-element_type=\"widget\" data-e-type=\"widget\" data-widget_type=\"heading.default\">\n\t\t\t\t<div class=\"elementor-widget-container\">\n\t\t\t\t\t<h2 class=\"elementor-heading-title elementor-size-default\">Legal notice<\/h2>\t\t\t\t<\/div>\n\t\t\t\t<\/div>\n\t\t\t\t<div class=\"elementor-element elementor-element-f5aeea6 elementor-widget elementor-widget-text-editor\" data-id=\"f5aeea6\" data-element_type=\"widget\" data-e-type=\"widget\" data-widget_type=\"text-editor.default\">\n\t\t\t\t<div class=\"elementor-widget-container\">\n\t\t\t\t\t\t\t\t\t<p data-start=\"51\" data-end=\"245\"><strong data-start=\"51\" data-end=\"124\">Operator of the website (service provider according to \u00a7 5 TMG \/ Art. 13 GDPR):<\/strong><br data-start=\"124\" data-end=\"127\" \/>Vibra Island Solutions S.L. (\u201eVive Fuerteventura\u201c project)<br data-start=\"171\" data-end=\"174\" \/>Calle Juan Sebasti\u00e1n Elcano 12<br data-start=\"204\" data-end=\"207\" \/>35660 Corralejo (La Oliva)<br data-start=\"233\" data-end=\"236\" \/>Las Palmas, Spain<\/p><p data-start=\"247\" data-end=\"478\"><strong data-start=\"247\" data-end=\"274\">Authorised representatives:<\/strong> Jan-Patrick Fl\u00fcgge and Alessandro Ricagni (Managing Directors)<br data-start=\"334\" data-end=\"337\" \/><strong data-start=\"337\" data-end=\"349\">Contact:<\/strong> E-Mail: <em data-start=\"358\" data-end=\"381\"><span data-start=\"359\" data-end=\"380\">info@vibraislandsolutions.com<\/span><\/em><br data-start=\"411\" data-end=\"414\" \/><strong data-start=\"414\" data-end=\"463\">Value added tax identification number (NIF\/CIF):<\/strong> ES B70921325<\/p>\t\t\t\t\t\t\t\t<\/div>\n\t\t\t\t<\/div>\n\t\t\t\t\t<\/div>\n\t\t<\/div>\n\t\t\t\t\t<\/div>\n\t\t<\/section>\n\t\t\t\t<\/div>","protected":false},"excerpt":{"rendered":"<p>Imprint Operator of the website (service provider according to \u00a7 5 TMG \/ Art. 13 GDPR):Vibra Island Solutions S.L. (Project \u201eVive Fuerteventura\u201c)Calle Juan Sebasti\u00e1n Elcano 1235660 Corralejo (La Oliva)Las Palmas, Spain Authorised representatives: Jan-Patrick Fl\u00fcgge and Alessandro Ricagni (Managing Director)Contact: E-mail: info@vibraislandsolutions.comUmsatzsteuer-Identifikationsnummer (NIF\/CIF): ES B70921325<\/p>","protected":false},"author":1,"featured_media":0,"parent":0,"menu_order":0,"comment_status":"closed","ping_status":"closed","template":"elementor_header_footer","meta":{"_acf_changed":false,"footnotes":""},"class_list":["post-19625","page","type-page","status-publish","hentry"],"acf":[],"yoast_head":"<!-- This site is optimized with the Yoast SEO plugin v26.7 - https:\/\/yoast.com\/wordpress\/plugins\/seo\/ -->\n<title>Impressum - VIVE Fuerteventura<\/title>\n<meta name=\"robots\" content=\"index, follow, max-snippet:-1, max-image-preview:large, max-video-preview:-1\" \/>\n<link rel=\"canonical\" href=\"https:\/\/vive-fuerteventura.com\/en\/impressum\/\" \/>\n<meta property=\"og:locale\" content=\"en_GB\" \/>\n<meta property=\"og:type\" content=\"article\" \/>\n<meta property=\"og:title\" content=\"Impressum - VIVE Fuerteventura\" \/>\n<meta property=\"og:description\" content=\"Impressum Betreiber der Website (Diensteanbieter nach \u00a7 5 TMG \/ Art. 13 DSGVO):Vibra Island Solutions S.L. (Projekt &#8222;Vive Fuerteventura&#8220;)Calle Juan Sebasti\u00e1n Elcano 1235660 Corralejo (La Oliva)Las Palmas, Spanien Vertretungsberechtigte: Jan-Patrick Fl\u00fcgge und Alessandro Ricagni (Gesch\u00e4ftsf\u00fchrer)Kontakt: E-Mail: info@vibraislandsolutions.comUmsatzsteuer-Identifikationsnummer (NIF\/CIF): ES B70921325\" \/>\n<meta property=\"og:url\" content=\"https:\/\/vive-fuerteventura.com\/en\/impressum\/\" \/>\n<meta property=\"og:site_name\" content=\"VIVE Fuerteventura\" \/>\n<meta property=\"article:modified_time\" content=\"2025-07-01T15:20:58+00:00\" \/>\n<meta name=\"twitter:card\" content=\"summary_large_image\" \/>\n<meta name=\"twitter:label1\" content=\"Estimated reading time\" \/>\n\t<meta name=\"twitter:data1\" content=\"1 minute\" \/>\n<script type=\"application\/ld+json\" class=\"yoast-schema-graph\">{\"@context\":\"https:\/\/schema.org\",\"@graph\":[{\"@type\":\"WebPage\",\"@id\":\"https:\/\/vive-fuerteventura.com\/impressum\/\",\"url\":\"https:\/\/vive-fuerteventura.com\/impressum\/\",\"name\":\"Impressum - VIVE Fuerteventura\",\"isPartOf\":{\"@id\":\"https:\/\/vive-fuerteventura.com\/#website\"},\"datePublished\":\"2025-06-24T18:42:03+00:00\",\"dateModified\":\"2025-07-01T15:20:58+00:00\",\"breadcrumb\":{\"@id\":\"https:\/\/vive-fuerteventura.com\/impressum\/#breadcrumb\"},\"inLanguage\":\"en-GB\",\"potentialAction\":[{\"@type\":\"ReadAction\",\"target\":[\"https:\/\/vive-fuerteventura.com\/impressum\/\"]}]},{\"@type\":\"BreadcrumbList\",\"@id\":\"https:\/\/vive-fuerteventura.com\/impressum\/#breadcrumb\",\"itemListElement\":[{\"@type\":\"ListItem\",\"position\":1,\"name\":\"Startseite\",\"item\":\"https:\/\/vive-fuerteventura.com\/\"},{\"@type\":\"ListItem\",\"position\":2,\"name\":\"Impressum\"}]},{\"@type\":\"WebSite\",\"@id\":\"https:\/\/vive-fuerteventura.com\/#website\",\"url\":\"https:\/\/vive-fuerteventura.com\/\",\"name\":\"VIVE Fuerteventura\",\"description\":\"Deine interaktive Plattform f\u00fcr einzigartige Inselerlebnisse!\",\"potentialAction\":[{\"@type\":\"SearchAction\",\"target\":{\"@type\":\"EntryPoint\",\"urlTemplate\":\"https:\/\/vive-fuerteventura.com\/?s={search_term_string}\"},\"query-input\":{\"@type\":\"PropertyValueSpecification\",\"valueRequired\":true,\"valueName\":\"search_term_string\"}}],\"inLanguage\":\"en-GB\"}]}<\/script>\n<!-- \/ Yoast SEO plugin. -->","yoast_head_json":{"title":"Imprint - VIVE Fuerteventura","robots":{"index":"index","follow":"follow","max-snippet":"max-snippet:-1","max-image-preview":"max-image-preview:large","max-video-preview":"max-video-preview:-1"},"canonical":"https:\/\/vive-fuerteventura.com\/en\/impressum\/","og_locale":"en_GB","og_type":"article","og_title":"Impressum - VIVE Fuerteventura","og_description":"Impressum Betreiber der Website (Diensteanbieter nach \u00a7 5 TMG \/ Art. 13 DSGVO):Vibra Island Solutions S.L. (Projekt &#8222;Vive Fuerteventura&#8220;)Calle Juan Sebasti\u00e1n Elcano 1235660 Corralejo (La Oliva)Las Palmas, Spanien Vertretungsberechtigte: Jan-Patrick Fl\u00fcgge und Alessandro Ricagni (Gesch\u00e4ftsf\u00fchrer)Kontakt: E-Mail: info@vibraislandsolutions.comUmsatzsteuer-Identifikationsnummer (NIF\/CIF): ES B70921325","og_url":"https:\/\/vive-fuerteventura.com\/en\/impressum\/","og_site_name":"VIVE Fuerteventura","article_modified_time":"2025-07-01T15:20:58+00:00","twitter_card":"summary_large_image","twitter_misc":{"Estimated reading time":"1 minute"},"schema":{"@context":"https:\/\/schema.org","@graph":[{"@type":"WebPage","@id":"https:\/\/vive-fuerteventura.com\/impressum\/","url":"https:\/\/vive-fuerteventura.com\/impressum\/","name":"Imprint - VIVE Fuerteventura","isPartOf":{"@id":"https:\/\/vive-fuerteventura.com\/#website"},"datePublished":"2025-06-24T18:42:03+00:00","dateModified":"2025-07-01T15:20:58+00:00","breadcrumb":{"@id":"https:\/\/vive-fuerteventura.com\/impressum\/#breadcrumb"},"inLanguage":"en-GB","potentialAction":[{"@type":"ReadAction","target":["https:\/\/vive-fuerteventura.com\/impressum\/"]}]},{"@type":"BreadcrumbList","@id":"https:\/\/vive-fuerteventura.com\/impressum\/#breadcrumb","itemListElement":[{"@type":"ListItem","position":1,"name":"Startseite","item":"https:\/\/vive-fuerteventura.com\/"},{"@type":"ListItem","position":2,"name":"Impressum"}]},{"@type":"WebSite","@id":"https:\/\/vive-fuerteventura.com\/#website","url":"https:\/\/vive-fuerteventura.com\/","name":"VIVE Fuerteventura","description":"Your interactive platform for unique island experiences!","potentialAction":[{"@type":"SearchAction","target":{"@type":"EntryPoint","urlTemplate":"https:\/\/vive-fuerteventura.com\/?s={search_term_string}"},"query-input":{"@type":"PropertyValueSpecification","valueRequired":true,"valueName":"search_term_string"}}],"inLanguage":"en-GB"}]}},"_links":{"self":[{"href":"https:\/\/vive-fuerteventura.com\/en\/wp-json\/wp\/v2\/pages\/19625","targetHints":{"allow":["GET"]}}],"collection":[{"href":"https:\/\/vive-fuerteventura.com\/en\/wp-json\/wp\/v2\/pages"}],"about":[{"href":"https:\/\/vive-fuerteventura.com\/en\/wp-json\/wp\/v2\/types\/page"}],"author":[{"embeddable":true,"href":"https:\/\/vive-fuerteventura.com\/en\/wp-json\/wp\/v2\/users\/1"}],"replies":[{"embeddable":true,"href":"https:\/\/vive-fuerteventura.com\/en\/wp-json\/wp\/v2\/comments?post=19625"}],"version-history":[{"count":15,"href":"https:\/\/vive-fuerteventura.com\/en\/wp-json\/wp\/v2\/pages\/19625\/revisions"}],"predecessor-version":[{"id":20894,"href":"https:\/\/vive-fuerteventura.com\/en\/wp-json\/wp\/v2\/pages\/19625\/revisions\/20894"}],"wp:attachment":[{"href":"https:\/\/vive-fuerteventura.com\/en\/wp-json\/wp\/v2\/media?parent=19625"}],"curies":[{"name":"wp","href":"https:\/\/api.w.org\/{rel}","templated":true}]}}